{"id":19395,"date":"2026-03-03T12:21:57","date_gmt":"2026-03-03T11:21:57","guid":{"rendered":"https:\/\/update.digalix.com\/politica-de-cookies\/"},"modified":"2026-03-03T12:23:52","modified_gmt":"2026-03-03T11:23:52","slug":"politica-de-galetes","status":"publish","type":"page","link":"https:\/\/digalix.com\/ca\/politica-de-galetes\/","title":{"rendered":"Pol\u00edtica de Galetes"},"content":{"rendered":"<div  class='flex_column av-vb8elc-d9c53eefb547e25792102ca5bed2676b av_one_full  avia-builder-el-0  avia-builder-el-no-sibling  first flex_column_div  '     ><section  class='av_textblock_section av-mmaipfep-9a77dda5d09276e27327fe0bea1a0d4f '   itemscope=\"itemscope\" itemtype=\"https:\/\/schema.org\/CreativeWork\" ><div class='avia_textblock'  itemprop=\"text\" ><h1 class=\"entry-title\">Pol\u00edtica de galetes<\/h1>\n<p>La present pol\u00edtica de galetes t\u00e9 per finalitat informar de manera clara i precisa sobre les galetes que s\u2019utilitzen en la p\u00e0gina web de DIGALIX SOLUTIONS, SL.<\/p>\n<p><strong>Qu\u00e8 s\u00f3n les galetes?<\/strong><br \/>\nUna galeta \u00e9s un petit fragment de text que els llocs web que visita envien al navegador i que permet que el lloc web recordi informaci\u00f3 sobre la seva visita, com el seu idioma preferit i altres opcions, per tal de facilitar la seva propera visita i fer que el lloc li resulti m\u00e9s \u00fatil. Les galetes tenen un paper molt important i contribueixen a tenir una millor experi\u00e8ncia de navegaci\u00f3 per a l\u2019usuari.<\/p>\n<p><strong>Tipus de galetes<\/strong><br \/>\nSegons qui sigui l\u2019entitat que gestioni el domini des d\u2019on s\u2019envien les galetes i es tractin les dades que s\u2019obtinguin, es poden distingir dos tipus: galetes pr\u00f2pies i galetes de tercers.<br \/>\nExisteix tamb\u00e9 una segona classificaci\u00f3 segons el termini de temps que romanen emmagatzemades al navegador del client, podent tractar-se de galetes de sessi\u00f3 o galetes persistents.<br \/>\nFinalment, hi ha una altra classificaci\u00f3 amb cinc tipus de galetes segons la finalitat per a la qual es tractin les dades obtingudes: galetes t\u00e8cniques, galetes de personalitzaci\u00f3, galetes d\u2019an\u00e0lisi, galetes publicit\u00e0ries i galetes de publicitat comportamental.<br \/>\nPer a m\u00e9s informaci\u00f3 referent a aix\u00f2 pot consultar la Guia sobre l\u2019\u00fas de les galetes de l\u2019Ag\u00e8ncia Espanyola de Protecci\u00f3 de Dades.<\/p>\n<p><strong>Galetes utilitzades al web<\/strong><br \/>\nA continuaci\u00f3 s\u2019identifiquen les galetes que estan sent utilitzades en aquesta p\u00e0gina web, aix\u00ed com la seva tipologia i funci\u00f3:<br \/>\nLa p\u00e0gina web DIGALIX SOLUTIONS, SL utilitza Google Analytics, un servei d\u2019anal\u00edtica web desenvolupada per Google, que permet el mesurament i an\u00e0lisi de la navegaci\u00f3 a les p\u00e0gines web. En el seu navegador podr\u00e0 observar galetes d\u2019aquest servei. Segons la tipologia anterior es tracta de galetes pr\u00f2pies, de sessi\u00f3 i d\u2019an\u00e0lisi.<br \/>\nMitjan\u00e7ant l\u2019anal\u00edtica web s\u2019obt\u00e9 informaci\u00f3 relativa al nombre d\u2019usuaris que accedeixen al web, el nombre de p\u00e0gines vistes, la freq\u00fc\u00e8ncia i repetici\u00f3 de les visites, la seva durada, el navegador utilitzat, l\u2019operador que presta el servei, l\u2019idioma , el terminal que utilitza i la ciutat a la qual est\u00e0 assignada la seva adre\u00e7a IP. Informaci\u00f3 que possibilita un millor i m\u00e9s apropiat servei per part d\u2019aquest portal.<br \/>\nPer garantir l\u2019anonimat, Google convertir\u00e0 la seva informaci\u00f3 en an\u00f2nima truncant l\u2019adre\u00e7a IP abans d\u2019emmagatzemar-, de manera que Google Analytics no s\u2019usa per localitzar o demanar informaci\u00f3 personal identificable dels visitants del lloc. Google nom\u00e9s podr\u00e0 enviar la informaci\u00f3 recollida per Google Analytics a tercers que estigui legalment obligat. D\u2019acord amb les condicions de prestaci\u00f3 del servei de Google Analytics, Google no associar\u00e0 la seva adre\u00e7a IP a cap altra dada conservat per Google.<br \/>\nAlgunes p\u00e0gines dels nostres llocs web li permeten compartir els nostres continguts en xarxes socials com Facebook, Twitter, Google, etc. Algunes vegades pengem v\u00eddeos de llocs com Youtube. Aquests llocs web dipositen les seves pr\u00f2pies galetes, que nosaltres no controlem. Potser vulgui comprovar els seus llocs web per saber m\u00e9s sobre la seva pol\u00edtica de galetes.<\/p>\n<p><strong>Acceptaci\u00f3 de la pol\u00edtica de galetes<\/strong><br \/>\nPrement el bot\u00f3 Ent\u00e8s s\u2019assumeix que vost\u00e8 accepta l\u2019\u00fas de galetes.<\/p>\n<p><strong>Com modificar la configuraci\u00f3 de les galetes<\/strong><br \/>\nVost\u00e8 pot restringir, bloquejar o esborrar les galetes del Ministeri de l\u2019Interior o qualsevol altra p\u00e0gina web utilitzant el seu navegador. A cada navegador l\u2019operativa \u00e9s diferent, la funci\u00f3 de \u201cAjuda\u201d li mostrar\u00e0 com fer-ho.<\/p>\n<\/div><\/section><\/div>\n","protected":false},"excerpt":{"rendered":"","protected":false},"author":1,"featured_media":0,"parent":0,"menu_order":0,"comment_status":"closed","ping_status":"closed","template":"","meta":{"footnotes":""},"class_list":["post-19395","page","type-page","status-publish","hentry"],"aioseo_notices":[],"_links":{"self":[{"href":"https:\/\/digalix.com\/ca\/wp-json\/wp\/v2\/pages\/19395","targetHints":{"allow":["GET"]}}],"collection":[{"href":"https:\/\/digalix.com\/ca\/wp-json\/wp\/v2\/pages"}],"about":[{"href":"https:\/\/digalix.com\/ca\/wp-json\/wp\/v2\/types\/page"}],"author":[{"embeddable":true,"href":"https:\/\/digalix.com\/ca\/wp-json\/wp\/v2\/users\/1"}],"replies":[{"embeddable":true,"href":"https:\/\/digalix.com\/ca\/wp-json\/wp\/v2\/comments?post=19395"}],"version-history":[{"count":0,"href":"https:\/\/digalix.com\/ca\/wp-json\/wp\/v2\/pages\/19395\/revisions"}],"wp:attachment":[{"href":"https:\/\/digalix.com\/ca\/wp-json\/wp\/v2\/media?parent=19395"}],"curies":[{"name":"wp","href":"https:\/\/api.w.org\/{rel}","templated":true}]}}