{"id":19410,"date":"2017-02-02T12:29:24","date_gmt":"2017-02-02T11:29:24","guid":{"rendered":"https:\/\/update.digalix.com\/aviso-legal-politica-de-privacidad-y-proteccion-de-datos\/"},"modified":"2026-03-04T13:39:04","modified_gmt":"2026-03-04T12:39:04","slug":"avis-legal-politica-de-privadesa-i-proteccio-de-dades","status":"publish","type":"page","link":"https:\/\/digalix.com\/ca\/avis-legal-politica-de-privadesa-i-proteccio-de-dades\/","title":{"rendered":"Av\u00eds legal, pol\u00edtica de privadesa i protecci\u00f3 de dades"},"content":{"rendered":"<div id='av_section_1'  class='avia-section av-22u09p-86ba235729bb51017b904085fb2dcb3d main_color avia-section-large avia-no-border-styling  avia-builder-el-0  avia-builder-el-no-sibling  avia-bg-style-scroll container_wrap fullsize'  ><div class='container av-section-cont-open' ><main  role=\"main\" itemprop=\"mainContentOfPage\"  class='template-page content  av-content-full alpha units'><div class='post-entry post-entry-type-page post-entry-19410'><div class='entry-content-wrapper clearfix'>\n\n<style type=\"text\/css\" data-created_by=\"avia_inline_auto\" id=\"style-css-av-5xd11-ea6d2d8e6f84c17b6666e48295eaa51c\">\n.flex_column.av-5xd11-ea6d2d8e6f84c17b6666e48295eaa51c{\nborder-radius:0px 0px 0px 0px;\npadding:0px 0px 0px 0px;\n}\n<\/style>\n<div  class='flex_column av-5xd11-ea6d2d8e6f84c17b6666e48295eaa51c av_one_full  avia-builder-el-1  avia-builder-el-no-sibling  first flex_column_div av-zero-column-padding  '     ><section  class='av_textblock_section av-1dl7g5-f48e771c4261fa7e63f5705fcf778c1f '   itemscope=\"itemscope\" itemtype=\"https:\/\/schema.org\/CreativeWork\" ><div class='avia_textblock'  itemprop=\"text\" ><h1 class=\"entry-title\"><span dir=\"auto\">Av\u00eds legal, pol\u00edtica de privadesa i protecci\u00f3 de dades<\/span><\/h1>\n<p><b><span dir=\"auto\">AV\u00cdS LEGAL I POL\u00cdTICA DE PRIVACITAT\u00a0<\/span><\/b><\/p>\n<p><span dir=\"auto\">IDENTIFICACI\u00d3<\/span><\/p>\n<p><span dir=\"auto\">En compliment amb el deure informaci\u00f3 recollit a l&#8217;article 10 de la Llei 34\/2002, d&#8217;11 de juliol, de Serveis de la Societat de la Informaci\u00f3 i del Comer\u00e7 Electr\u00f2nic, DIGALIX SOLUTIONS SL us informa que les dades aqu\u00ed consignades corresponen a l&#8217;entitat titular del lloc web https:\/\/digalix.com\/.<\/span><\/p>\n<p><span dir=\"auto\">Denominaci\u00f3: DIGALIX SOLUTIONS, SL<\/span><\/p>\n<p><span dir=\"auto\">Identitat: DigaliX Solutions, SL \u2013 NIF: NIF B64922537<\/span><\/p>\n<p><span dir=\"auto\">Adre\u00e7a postal: C\/ \u00c0laba, 140, 5\u00ba 2\u00aa 08018 Barcelona<\/span><\/p>\n<p><span dir=\"auto\">Tel\u00e8fon: +34\/934853803<\/span><\/p>\n<p><span dir=\"auto\">Correu electr\u00f2nic: info@digalix.com<\/span><\/p>\n<p><span dir=\"auto\">PROPIETAT INTEL\u00b7LECTUAL I INDUSTRIAL<\/span><\/p>\n<p><span dir=\"auto\">Tots els drets de propietat industrial i intel\u00b7lectual de la totalitat d&#8217;elements continguts en aquesta web, incloses les marques comercials, formats, dissenys gr\u00e0fics, textos, imatges i documents, pertanyen a DIGALIX SOLUTIONS, SL i estan protegits per les lleis espanyoles i internacionals sobre propietat intel\u00b7lectual i industrial. Com a marques registrades s&#8217;inclouen <\/span><i><span dir=\"auto\">XTable, XFrame, Layers of Reality, Gate VR, Simmersive<\/span><\/i><span dir=\"auto\"> .<\/span><\/p>\n<p><img loading=\"lazy\" decoding=\"async\" class=\"size-full wp-image-19411 aligncenter\" src=\"https:\/\/digalix.com\/wp-content\/uploads\/2026\/03\/logotipos-propiedad-intelectual-digalix.jpg\" alt=\"\" width=\"1520\" height=\"182\" \/><\/p>\n<p><span dir=\"auto\">Queda expressament prohibida la reproducci\u00f3 total o parcial d&#8217;aquest lloc web i de qualsevol dels continguts sense el perm\u00eds expr\u00e9s i per escrit de DIGALIX SOLUTIONS, SL.<\/span><\/p>\n<p><span dir=\"auto\">L&#8217;acc\u00e9s al lloc web no implica cap tipus de ren\u00fancia, transmissi\u00f3, llic\u00e8ncia o cessi\u00f3 dels drets esmentats per part de DIGALIX SOLUTIONS, SL, llevat que s&#8217;estableixi expressament el contrari.<\/span><\/p>\n<p><span dir=\"auto\">TERMES I CONDICIONS D&#8217;\u00daS<\/span><\/p>\n<p><span dir=\"auto\">L&#8217;acc\u00e9s a aquest lloc web implica l&#8217;acceptaci\u00f3 d&#8217;aquestes condicions d&#8217;\u00fas sense reserves que regulen l&#8217;acc\u00e9s i la utilitzaci\u00f3 per tal de posar a disposici\u00f3 dels usuaris informaci\u00f3 sobre els nostres productes i serveis.<\/span><\/p>\n<p><span dir=\"auto\">Es prohibeix expressament la utilitzaci\u00f3 dels continguts d&#8217;aquest lloc web per utilitzar-los amb fins comercials o per distribuir-los, transformar-los o comunicar-los.<\/span><\/p>\n<p><span dir=\"auto\">DIGALIX SOLUTIONS, SL, no respondr\u00e0 de cap conseq\u00fc\u00e8ncia, dany o perjudici que poguessin derivar-se de la dita utilitzaci\u00f3 o \u00fas de la informaci\u00f3.<\/span><\/p>\n<p><span dir=\"auto\">Tant l&#8217;acc\u00e9s a aquest web com l&#8217;\u00fas que es pugui fer de la informaci\u00f3 que cont\u00e9 \u00e9s de l&#8217;exclusiva responsabilitat de qui el realitza.<\/span><\/p>\n<p><span dir=\"auto\">L&#8217;usuari s&#8217;obliga a no utilitzar la informaci\u00f3 que es publica en aquesta Web amb fins o efectes il\u00b7l\u00edcits o lesius, a no fer malb\u00e9 o inutilitzar la informaci\u00f3 ia no realitzar qualsevol altra acci\u00f3 que puguin ser contr\u00e0ria al contingut d&#8217;aquest Av\u00eds Legal.<\/span><\/p>\n<p><span dir=\"auto\">Les p\u00e0gines de DIGALIX SOLUTIONS, SL poden contenir enlla\u00e7os (links) a altres p\u00e0gines de tercers. DIGALIX SOLUTIONS, SL no es fa responsable dels continguts d&#8217;aquests llocs web ni estan coberts pel present Av\u00eds Legal. Si accediu a aquestes p\u00e0gines web haureu de tenir en compte que les seves pol\u00edtiques de privadesa poden ser diferents de la nostra.<\/span><\/p>\n<p><b><span dir=\"auto\">POL\u00cdTICA DE PROTECCI\u00d3 DE DADES<\/span><\/b><\/p>\n<p><span dir=\"auto\">En compliment del REGLAMENT (UE) 2016\/679 DEL PARLAMENT EUROPEU I DEL CONSELL de 27 d&#8217;abril de 2016, relatiu a la protecci\u00f3 de les persones f\u00edsiques pel que fa al tractament de dades personals ia la lliure circulaci\u00f3 d&#8217;aquestes dades i la seva normativa de desenvolupament, se us informa que les dades personals proporcionades per vost\u00e8 seran tractades amb les seg\u00fcents<\/span><\/p>\n<p><span dir=\"auto\">\u2013 Informar-lo sobre els nostres productes i serveis, quan aix\u00ed ho sol\u00b7liciti.<\/span><\/p>\n<p><span dir=\"auto\">\u2013 Donar contestaci\u00f3 i gestionar les seues consultes, comentaris i suggeriments, si escau.<\/span><\/p>\n<p><span dir=\"auto\">A trav\u00e9s de l&#8217;emplenament de formularis de contacte del Web o mitjan\u00e7ant l&#8217;enviament de correus electr\u00f2nics o qualsevol altre tipus de sol\u00b7licitud d&#8217;informaci\u00f3 tramesa a DIGALIX SOLUTIONS, SL, l&#8217;interessat presta el consentiment expr\u00e9s per al tractament de les vostres dades personals.<\/span><\/p>\n<p><span dir=\"auto\">En cap cas DIGALIX SOLUTIONS, SL, utilitzar\u00e0 les dades personals dels interessats per a fins diferents de les anteriorment esmentats.<\/span><\/p>\n<p><span dir=\"auto\">La base legal per al tractament de les dades de contacte obtingudes a trav\u00e9s de la present p\u00e0gina web amb les finalitats a dalt indicades ser\u00e0 el consentiment expr\u00e9s prestat pel mateix interessat. Aix\u00ed mateix, quan l&#8217;usuari sol\u00b7liciti els nostres serveis, la base legal del tractament ser\u00e0 el compliment d&#8217;un contracte de qu\u00e8 parteix l&#8217;interessat.<\/span><\/p>\n<p><span dir=\"auto\">Les dades personals de contacte facilitades mitjan\u00e7ant aquesta p\u00e0gina web es conservaran als nostres registres durant un per\u00edode de tres anys. Pel que fa a les dades tractades per a la prestaci\u00f3 dels nostres serveis, aquestes seran conservades mentre sigui necessari per assolir aquesta finalitat i puguin derivar-se responsabilitats del seu tractament.<\/span><\/p>\n<p><span dir=\"auto\">No obstant aix\u00f2, en qualsevol moment podeu sol\u00b7licitar mitjan\u00e7ant escrit acompanyat de c\u00f2pia de document oficial que us identifiqui, l&#8217;acc\u00e9s a les vostres dades personals i la seva rectificaci\u00f3 o supressi\u00f3. Aix\u00ed com, limitar-ne el tractament, o directament oposar-se al tractament o exercir-ne el dret a la portabilitat.<\/span><\/p>\n<p><span dir=\"auto\">Tamb\u00e9 us informem del vostre dret a presentar una reclamaci\u00f3 davant l&#8217;Ag\u00e8ncia Espanyola de Protecci\u00f3 de Dades, si considereu que en el tractament de les vostres dades no s&#8217;estan respectant els vostres drets.<\/span><\/p>\n<p><span dir=\"auto\">LEGISLACI\u00d3 APLICABLE I COMPET\u00c8NCIA JURISDICCIONAL<\/span><\/p>\n<p><span dir=\"auto\">Aquest Av\u00eds Legal es regeix per la normativa espanyola vigent que li \u00e9s aplicable.<\/span><\/p>\n<p><span dir=\"auto\">Per a la resoluci\u00f3 de les controv\u00e8rsies que es puguin derivar com a conseq\u00fc\u00e8ncia del que disposen aquestes disposicions i sobre la seva interpretaci\u00f3, aplicaci\u00f3 i compliment, l&#8217;usuari, en virtut de l&#8217;acceptaci\u00f3 de les condicions recollides en aquest Av\u00eds legal, renuncia expressament a qualsevol altre fur que li pugui correspondre.<\/span><\/p>\n<p><span dir=\"auto\">En qualsevol cas, dins de la jurisdicci\u00f3 espanyola, si la legislaci\u00f3 permet\u00e9s sotmetre&#8217;s a un fur en concret, l&#8217;usuari renuncia expressament al fur que li pogu\u00e9s correspondre i se sotmet volunt\u00e0riament a la jurisdicci\u00f3 dels Jutjats i Tribunals de BARCELONA.<\/span><\/p>\n<\/div><\/section><\/div>\n","protected":false},"excerpt":{"rendered":"","protected":false},"author":1,"featured_media":0,"parent":0,"menu_order":0,"comment_status":"closed","ping_status":"closed","template":"","meta":{"footnotes":""},"class_list":["post-19410","page","type-page","status-publish","hentry"],"aioseo_notices":[],"_links":{"self":[{"href":"https:\/\/digalix.com\/ca\/wp-json\/wp\/v2\/pages\/19410","targetHints":{"allow":["GET"]}}],"collection":[{"href":"https:\/\/digalix.com\/ca\/wp-json\/wp\/v2\/pages"}],"about":[{"href":"https:\/\/digalix.com\/ca\/wp-json\/wp\/v2\/types\/page"}],"author":[{"embeddable":true,"href":"https:\/\/digalix.com\/ca\/wp-json\/wp\/v2\/users\/1"}],"replies":[{"embeddable":true,"href":"https:\/\/digalix.com\/ca\/wp-json\/wp\/v2\/comments?post=19410"}],"version-history":[{"count":0,"href":"https:\/\/digalix.com\/ca\/wp-json\/wp\/v2\/pages\/19410\/revisions"}],"wp:attachment":[{"href":"https:\/\/digalix.com\/ca\/wp-json\/wp\/v2\/media?parent=19410"}],"curies":[{"name":"wp","href":"https:\/\/api.w.org\/{rel}","templated":true}]}}