{"id":17725,"date":"2025-09-25T13:24:59","date_gmt":"2025-09-25T12:24:59","guid":{"rendered":"https:\/\/update.digalix.com\/?page_id=17725"},"modified":"2026-03-23T11:52:42","modified_gmt":"2026-03-23T10:52:42","slug":"contacto","status":"publish","type":"page","link":"https:\/\/digalix.com\/es\/contacto\/","title":{"rendered":"Contacto"},"content":{"rendered":"\n<style type=\"text\/css\" data-created_by=\"avia_inline_auto\" id=\"style-css-av-36jfe0-dacc2a983c9787be16ee21ea2e9e81e0\">\n.avia-section.av-36jfe0-dacc2a983c9787be16ee21ea2e9e81e0 .av-extra-border-element .av-extra-border-inner{\nbackground-color:#ffffff;\n}\n<\/style>\n<div id='av_section_1'  class='avia-section av-36jfe0-dacc2a983c9787be16ee21ea2e9e81e0 main_color avia-section-large avia-no-border-styling  avia-builder-el-0  el_before_av_section  avia-builder-el-first  avia-bg-style-scroll av-arrow-down-section container_wrap fullsize'  ><div class='container av-section-cont-open' ><main  role=\"main\" itemprop=\"mainContentOfPage\"  class='template-page content  av-content-full alpha units'><div class='post-entry post-entry-type-page post-entry-17725'><div class='entry-content-wrapper clearfix'>\n\n<style type=\"text\/css\" data-created_by=\"avia_inline_auto\" id=\"style-css-av-31ksu0-a1c990a5810ea2f87e7e474c25946d44\">\n#top .av-special-heading.av-31ksu0-a1c990a5810ea2f87e7e474c25946d44{\npadding-bottom:20px;\nfont-size:40px;\n}\nbody .av-special-heading.av-31ksu0-a1c990a5810ea2f87e7e474c25946d44 .av-special-heading-tag .heading-char{\nfont-size:25px;\n}\n#top #wrap_all .av-special-heading.av-31ksu0-a1c990a5810ea2f87e7e474c25946d44 .av-special-heading-tag{\nfont-size:40px;\n}\n.av-special-heading.av-31ksu0-a1c990a5810ea2f87e7e474c25946d44 .av-subheading{\nfont-size:15px;\n}\n\n@media only screen and (min-width: 480px) and (max-width: 767px){ \n#top #wrap_all .av-special-heading.av-31ksu0-a1c990a5810ea2f87e7e474c25946d44 .av-special-heading-tag{\nfont-size:0.8em;\n}\n}\n\n@media only screen and (max-width: 479px){ \n#top #wrap_all .av-special-heading.av-31ksu0-a1c990a5810ea2f87e7e474c25946d44 .av-special-heading-tag{\nfont-size:0.8em;\n}\n}\n<\/style>\n<div  class='av-special-heading av-31ksu0-a1c990a5810ea2f87e7e474c25946d44 av-special-heading-h2 blockquote modern-quote  avia-builder-el-1  el_before_av_one_half  avia-builder-el-first  av-inherit-size'><h2 class='av-special-heading-tag '  itemprop=\"headline\"  >Contacta<\/h2><div class=\"special-heading-border\"><div class=\"special-heading-inner-border\"><\/div><\/div><\/div>\n\n<style type=\"text\/css\" data-created_by=\"avia_inline_auto\" id=\"style-css-av-2xeknk-0662d25df279a5e4c63415dc9f661660\">\n.flex_column.av-2xeknk-0662d25df279a5e4c63415dc9f661660{\nborder-radius:0px 0px 0px 0px;\npadding:0px 0px 0px 0px;\n}\n<\/style>\n<div  class='flex_column av-2xeknk-0662d25df279a5e4c63415dc9f661660 av_one_half  avia-builder-el-2  el_after_av_heading  el_before_av_one_half  first flex_column_div av-zero-column-padding  '     ><form action=\"https:\/\/digalix.com\/es\/contacto\/\" method=\"post\" data-fields-with-error=\"Found errors in the following field(s):\" class=\"avia_ajax_form av-form-labels-hidden   avia-builder-el-3  avia-builder-el-no-sibling  av-show-form-errors   \" data-avia-form-id=\"1\" data-avia-redirect=''  aria-label='Formulario de contacto' ><fieldset><p class='  first_form  form_element form_element_half' id='element_avia_1_1'><label for=\"avia_1_1\">Nombre <abbr class=\"required\" title=\"requerido\">*<\/abbr><\/label> <input name=\"avia_1_1\" class=\"text_input is_empty\" type=\"text\" id=\"avia_1_1\" value=\"\"  placeholder='Nombre*'\/><\/p><p class='  form_element form_element_half' id='element_avia_2_1'><label for=\"avia_2_1\">Compa\u00f1ia <abbr class=\"required\" title=\"requerido\">*<\/abbr><\/label> <input name=\"avia_2_1\" class=\"text_input is_empty\" type=\"text\" id=\"avia_2_1\" value=\"\"  placeholder='Compa\u00f1ia*'\/><\/p><p class='  first_form  form_element form_fullwidth' id='element_avia_3_1'><label for=\"avia_3_1\">E-Mail <abbr class=\"required\" title=\"requerido\">*<\/abbr><\/label> <input name=\"avia_3_1\" class=\"text_input is_email\" type=\"text\" id=\"avia_3_1\" value=\"\"  placeholder='E-Mail*'\/><\/p><p class='  first_form  form_element form_fullwidth' id='element_avia_4_1'><label for=\"avia_4_1\" class=\"textare_label hidden textare_label_avia_4_1\">Mensaje <abbr class=\"required\" title=\"requerido\">*<\/abbr><\/label><textarea  placeholder='Mensaje*' name=\"avia_4_1\" class=\"text_area is_empty\" cols=\"40\" rows=\"7\" id=\"avia_4_1\" ><\/textarea><\/p><p class=\"hidden\"><input type=\"text\" name=\"avia_5_1\" class=\"hidden \" id=\"avia_5_1\" value=\"\" \/><\/p><div id='avia_6_1' class='av-recaptcha-area  first_form  form_element form_fullwidth '  data-container_class=\"\" data-custom_class=\"\" data-context=\"av_contact_form\" data-token_input=\"av_recaptcha_token\" data-version=\"avia_recaptcha_v3\" data-theme=\"light\" data-size=\"normal\" data-score=\"0.5\" data-text_to_preview=\"\" data-value=\"\"><div class=\"av-google-badge-message hidden\">This site is protected by reCAPTCHA and the Google <a href=\"https:\/\/policies.google.com\/privacy\">Privacy Policy<\/a> and <a href=\"https:\/\/policies.google.com\/terms\">Terms of Service<\/a> apply.<\/div><\/div><p class=\"form_element \"><input type=\"hidden\" value=\"1\" name=\"avia_generated_form1\" \/><input type=\"submit\" value=\"Enviar\" class=\"button\"  data-sending-label=\"Enviando\"\/><\/p><\/fieldset><div class=\"avia-disabled-form\">Este formulario de contacto est\u00e1 desactivado porque rechazaste aceptar el servicio de Google reCaptcha, que es necesario para validar los mensajes enviados a trav\u00e9s del formulario.<\/div><\/form><div id=\"ajaxresponse_1\" class=\"ajaxresponse ajaxresponse_1 hidden\"><\/div><\/div>\n<style type=\"text\/css\" data-created_by=\"avia_inline_auto\" id=\"style-css-av-1w3600-a40f0a0911411b0ac0da3a04bacf7b7f\">\n.flex_column.av-1w3600-a40f0a0911411b0ac0da3a04bacf7b7f{\nborder-radius:0px 0px 0px 0px;\npadding:0px 0px 0px 0px;\n}\n<\/style>\n<div  class='flex_column av-1w3600-a40f0a0911411b0ac0da3a04bacf7b7f av_one_half  avia-builder-el-4  el_after_av_one_half  avia-builder-el-last  flex_column_div av-zero-column-padding  '     ><section  class='av_textblock_section av-1om9g0-c61b8b825b4f3553fe62daef64e16d0b '   itemscope=\"itemscope\" itemtype=\"https:\/\/schema.org\/CreativeWork\" ><div class='avia_textblock'  itemprop=\"text\" ><p>Si eres cliente con soporte t\u00e9cnico contratado, accede a tu portal desde <a href=\"https:\/\/support.zoho.com\/portal\/digalix\/home\" target=\"_blank\" rel=\"noopener\">aqu\u00ed<\/a>.<\/p>\n<p>Haznos llegar tus dudas y comentarios. Atenderemos tu consulta cuanto antes.<\/p>\n<h4>DIRECCI\u00d3N<\/h4>\n<p>DigaliX Solutions, SL<br \/>\nC\/ \u00c0laba, 140, 5\u00ba 2\u00aa<br \/>\n08018 Barcelona<\/p>\n<h4>CONTACTO<\/h4>\n<p>T. +34 934 853 803<\/p>\n<\/div><\/section><\/div><\/div><\/div><\/main><!-- close content main element --><\/div><div class='av-extra-border-element border-extra-arrow-down'><div class='av-extra-border-outer'><div class='av-extra-border-inner'><\/div><\/div><\/div><\/div>\n<style type=\"text\/css\" data-created_by=\"avia_inline_auto\" id=\"style-css-av-1j53g8-e81b6909f5989856b68883193be768af\">\n.avia-section.av-1j53g8-e81b6909f5989856b68883193be768af{\nbackground-repeat:no-repeat;\nbackground-image:url(https:\/\/digalix.com\/wp-content\/uploads\/2018\/01\/showroom-empresa-tecnologia-interactiva-digalix-3.jpg);\nbackground-position:50% 50%;\nbackground-attachment:fixed;\n}\n.avia-section.av-1j53g8-e81b6909f5989856b68883193be768af .av-section-color-overlay{\nopacity:0.9;\nbackground-color:#35383c;\n}\n<\/style>\n<div id='av_section_2'  class='avia-section av-1j53g8-e81b6909f5989856b68883193be768af main_color avia-section-huge avia-no-border-styling  avia-builder-el-6  el_after_av_section  el_before_av_section  avia-full-stretch avia-bg-style-fixed av-section-color-overlay-active container_wrap fullsize'  data-section-bg-repeat='stretch'><div class=\"av-section-color-overlay-wrap\"><div class=\"av-section-color-overlay\"><\/div><div class='container av-section-cont-open' ><div class='template-page content  av-content-full alpha units'><div class='post-entry post-entry-type-page post-entry-17725'><div class='entry-content-wrapper clearfix'>\n\n<style type=\"text\/css\" data-created_by=\"avia_inline_auto\" id=\"style-css-av-1dbls8-5b7e3afc4d4979aa021fe7880ab92f3e\">\n#top .av-special-heading.av-1dbls8-5b7e3afc4d4979aa021fe7880ab92f3e{\npadding-bottom:20px;\ncolor:#ffffff;\nfont-size:40px;\n}\nbody .av-special-heading.av-1dbls8-5b7e3afc4d4979aa021fe7880ab92f3e .av-special-heading-tag .heading-char{\nfont-size:25px;\n}\n#top #wrap_all .av-special-heading.av-1dbls8-5b7e3afc4d4979aa021fe7880ab92f3e .av-special-heading-tag{\nfont-size:40px;\n}\n.av-special-heading.av-1dbls8-5b7e3afc4d4979aa021fe7880ab92f3e .special-heading-inner-border{\nborder-color:#ffffff;\n}\n.av-special-heading.av-1dbls8-5b7e3afc4d4979aa021fe7880ab92f3e .av-subheading{\nfont-size:15px;\n}\n\n@media only screen and (min-width: 480px) and (max-width: 767px){ \n#top #wrap_all .av-special-heading.av-1dbls8-5b7e3afc4d4979aa021fe7880ab92f3e .av-special-heading-tag{\nfont-size:0.8em;\n}\n}\n\n@media only screen and (max-width: 479px){ \n#top #wrap_all .av-special-heading.av-1dbls8-5b7e3afc4d4979aa021fe7880ab92f3e .av-special-heading-tag{\nfont-size:0.8em;\n}\n}\n<\/style>\n<div  class='av-special-heading av-1dbls8-5b7e3afc4d4979aa021fe7880ab92f3e av-special-heading-h2 custom-color-heading blockquote modern-quote modern-centered  avia-builder-el-7  el_before_av_one_fifth  avia-builder-el-first  av-inherit-size'><h2 class='av-special-heading-tag '  itemprop=\"headline\"  >La f\u00e1brica de ideas de DigaliX<\/h2><div class=\"special-heading-border\"><div class=\"special-heading-inner-border\"><\/div><\/div><\/div>\n\n<style type=\"text\/css\" data-created_by=\"avia_inline_auto\" id=\"style-css-av-1bg388-24f52853d17de29e6fa89bbe156e166e\">\n.flex_column.av-1bg388-24f52853d17de29e6fa89bbe156e166e{\nborder-radius:0px 0px 0px 0px;\npadding:0px 0px 0px 0px;\n}\n<\/style>\n<div  class='flex_column av-1bg388-24f52853d17de29e6fa89bbe156e166e av_one_fifth  avia-builder-el-8  el_after_av_heading  el_before_av_three_fifth  first flex_column_div av-animated-generic fade-in av-zero-column-padding  '     ><\/div>\n<style type=\"text\/css\" data-created_by=\"avia_inline_auto\" id=\"style-css-av-3ss3k-24ad0ca141fedd067dbbd7b423679bd7\">\n.flex_column.av-3ss3k-24ad0ca141fedd067dbbd7b423679bd7{\nborder-radius:0px 0px 0px 0px;\npadding:0px 0px 0px 0px;\n}\n<\/style>\n<div  class='flex_column av-3ss3k-24ad0ca141fedd067dbbd7b423679bd7 av_three_fifth  avia-builder-el-9  el_after_av_one_fifth  el_before_av_one_fifth  flex_column_div av-animated-generic fade-in av-zero-column-padding  '     ><style type=\"text\/css\" data-created_by=\"avia_inline_auto\" id=\"style-css-av-d74nk-8d757e463529c8e14572a5fb24faa33a\">\n#top .av_textblock_section.av-d74nk-8d757e463529c8e14572a5fb24faa33a .avia_textblock{\ncolor:#cecece;\n}\n<\/style>\n<section  class='av_textblock_section av-d74nk-8d757e463529c8e14572a5fb24faa33a '   itemscope=\"itemscope\" itemtype=\"https:\/\/schema.org\/CreativeWork\" ><div class='avia_textblock av_inherit_color'  itemprop=\"text\" ><p style=\"text-align: center;\">Estamos en el distrito 22@, el coraz\u00f3n de la innovaci\u00f3n y la creatividad en Barcelona. Aqu\u00ed se encuentra nuestro espacio de trabajo y laboratorio.<br \/>\n\u00bfTe gustar\u00eda saber m\u00e1s?<\/p>\n<p style=\"text-align: center;\"><strong>Contacta con nosotros.<\/strong><br \/>\nEstaremos encantados de recibirte, ense\u00f1arte nuestro espacio y ayudarte a dar forma a tu proyecto.<\/p>\n<\/div><\/section><\/div>\n<style type=\"text\/css\" data-created_by=\"avia_inline_auto\" id=\"style-css-av-9rmo0-f5e4a95633a707640506d4655f005b9f\">\n.flex_column.av-9rmo0-f5e4a95633a707640506d4655f005b9f{\nborder-radius:0px 0px 0px 0px;\npadding:0px 0px 0px 0px;\n}\n<\/style>\n<div  class='flex_column av-9rmo0-f5e4a95633a707640506d4655f005b9f av_one_fifth  avia-builder-el-11  el_after_av_three_fifth  avia-builder-el-last  flex_column_div av-animated-generic fade-in av-zero-column-padding  '     ><\/div>\n<\/p>\n<\/div><\/div><\/div><!-- close content main div --><\/div><\/div><\/div><div id='av_section_3'  class='avia-section av-nnmtdp-cd6521805021db446121133c2766288d main_color avia-section-default avia-no-border-styling  avia-builder-el-12  el_after_av_section  avia-builder-el-last  avia-bg-style-scroll container_wrap fullsize'  ><div class='container av-section-cont-open' ><div class='template-page content  av-content-full alpha units'><div class='post-entry post-entry-type-page post-entry-17725'><div class='entry-content-wrapper clearfix'>\n\n\n","protected":false},"excerpt":{"rendered":"<p>Estamos en el distrito 22@, el coraz\u00f3n de la innovaci\u00f3n y la creatividad en Barcelona. Aqu\u00ed se encuentra nuestro espacio de trabajo y laboratorio.<\/p>\n","protected":false},"author":1,"featured_media":17270,"parent":0,"menu_order":0,"comment_status":"closed","ping_status":"closed","template":"","meta":{"footnotes":""},"class_list":["post-17725","page","type-page","status-publish","has-post-thumbnail","hentry"],"aioseo_notices":[],"_links":{"self":[{"href":"https:\/\/digalix.com\/es\/wp-json\/wp\/v2\/pages\/17725","targetHints":{"allow":["GET"]}}],"collection":[{"href":"https:\/\/digalix.com\/es\/wp-json\/wp\/v2\/pages"}],"about":[{"href":"https:\/\/digalix.com\/es\/wp-json\/wp\/v2\/types\/page"}],"author":[{"embeddable":true,"href":"https:\/\/digalix.com\/es\/wp-json\/wp\/v2\/users\/1"}],"replies":[{"embeddable":true,"href":"https:\/\/digalix.com\/es\/wp-json\/wp\/v2\/comments?post=17725"}],"version-history":[{"count":3,"href":"https:\/\/digalix.com\/es\/wp-json\/wp\/v2\/pages\/17725\/revisions"}],"predecessor-version":[{"id":19992,"href":"https:\/\/digalix.com\/es\/wp-json\/wp\/v2\/pages\/17725\/revisions\/19992"}],"wp:featuredmedia":[{"embeddable":true,"href":"https:\/\/digalix.com\/es\/wp-json\/wp\/v2\/media\/17270"}],"wp:attachment":[{"href":"https:\/\/digalix.com\/es\/wp-json\/wp\/v2\/media?parent=17725"}],"curies":[{"name":"wp","href":"https:\/\/api.w.org\/{rel}","templated":true}]}}