{"id":19392,"date":"2026-03-03T12:21:57","date_gmt":"2026-03-03T11:21:57","guid":{"rendered":"https:\/\/update.digalix.com\/?page_id=19392"},"modified":"2026-03-03T12:21:57","modified_gmt":"2026-03-03T11:21:57","slug":"politica-de-cookies","status":"publish","type":"page","link":"https:\/\/digalix.com\/es\/politica-de-cookies\/","title":{"rendered":"Pol\u00edtica de Cookies"},"content":{"rendered":"<div  class='flex_column av-av_one_full-4453fbc7e8da734fe9d5824da1c72891 av_one_full  avia-builder-el-0  avia-builder-el-no-sibling  first flex_column_div  '     ><section  class='av_textblock_section av-mmaipfep-9a77dda5d09276e27327fe0bea1a0d4f '   itemscope=\"itemscope\" itemtype=\"https:\/\/schema.org\/CreativeWork\" ><div class='avia_textblock'  itemprop=\"text\" ><h1 class=\"entry-title\">Pol\u00edtica de cookies<\/h1>\n<p>La presente pol\u00edtica de cookies tiene por finalidad informarle de manera clara y precisa sobre las cookies que se utilizan en la p\u00e1gina web de DIGALIX SOLUTIONS, SL.<\/p>\n<p><strong>\u00bfQu\u00e9 son las cookies?<\/strong><br \/>\nUna cookie es un peque\u00f1o fragmento de texto que los sitios web que visita env\u00edan al navegador y que permite que el sitio web recuerde informaci\u00f3n sobre su visita, como su idioma preferido y otras opciones, con el fin de facilitar su pr\u00f3xima visita y hacer que el sitio le resulte m\u00e1s \u00fatil. Las cookies desempe\u00f1an un papel muy importante y contribuyen a tener una mejor experiencia de navegaci\u00f3n para el usuario.<\/p>\n<p><strong>Tipos de cookies<\/strong><br \/>\nSeg\u00fan qui\u00e9n sea la entidad que gestione el dominio desde d\u00f3nde se env\u00edan las cookies y se traten los datos que se obtengan, se pueden distinguir dos tipos: cookies propias y cookies de terceros.<br \/>\nExiste tambi\u00e9n una segunda clasificaci\u00f3n seg\u00fan el plazo de tiempo que permanecen almacenadas en el navegador del cliente, pudiendo tratarse de cookies de sesi\u00f3n o cookies persistentes.<br \/>\nPor \u00faltimo, existe otra clasificaci\u00f3n con cinco tipos de cookies seg\u00fan la finalidad para la que se traten los datos obtenidos: cookies t\u00e9cnicas, cookies de personalizaci\u00f3n, cookies de an\u00e1lisis, cookies publicitarias y cookies de publicidad comportamental.<br \/>\nPara m\u00e1s informaci\u00f3n a este respecto puede consultar la Gu\u00eda sobre el uso de las cookies de la Agencia Espa\u00f1ola de Protecci\u00f3n de Datos.<\/p>\n<p><strong>Cookies utilizadas en la web<\/strong><br \/>\nA continuaci\u00f3n se identifican las cookies que est\u00e1n siendo utilizadas en esta p\u00e1gina web, as\u00ed como su tipolog\u00eda y funci\u00f3n:<br \/>\nLa p\u00e1gina web DIGALIX SOLUTIONS, SL utiliza Google Analytics, un servicio de anal\u00edtica web desarrollada por Google, que permite la medici\u00f3n y an\u00e1lisis de la navegaci\u00f3n en las p\u00e1ginas web. En su navegador podr\u00e1 observar cookies de este servicio. Seg\u00fan la tipolog\u00eda anterior se trata de cookies propias, de sesi\u00f3n y de an\u00e1lisis.<br \/>\nA trav\u00e9s de la anal\u00edtica web se obtiene informaci\u00f3n relativa al n\u00famero de usuarios que acceden a la web, el n\u00famero de p\u00e1ginas vistas, la frecuencia y repetici\u00f3n de las visitas, su duraci\u00f3n, el navegador utilizado, el operador que presta el servicio, el idioma, el terminal que utiliza y la ciudad a la que est\u00e1 asignada su direcci\u00f3n IP. Informaci\u00f3n que posibilita un mejor y m\u00e1s apropiado servicio por parte de este portal.<br \/>\nPara garantizar el anonimato, Google convertir\u00e1 su informaci\u00f3n en an\u00f3nima truncando la direcci\u00f3n IP antes de almacenarla, de forma que Google Analytics no se usa para localizar o recabar informaci\u00f3n personal identificable de los visitantes del sitio. Google solo podr\u00e1 enviar la informaci\u00f3n recabada por Google Analytics a terceros cuanto est\u00e9 legalmente obligado a ello. Con arreglo a las condiciones de prestaci\u00f3n del servicio de Google Analytics, Google no asociar\u00e1 su direcci\u00f3n IP a ning\u00fan otro dato conservado por Google.<br \/>\nAlgunas p\u00e1ginas de nuestros sitios web le permiten compartir nuestros contenidos en redes sociales como Facebook, Twitter, Google, etc. Algunas veces colgamos v\u00eddeos de sitios como Youtube. Estos sitios web depositan sus propias cookies, que nosotros no controlamos. Quiz\u00e1 quiera comprobar sus sitios web para saber m\u00e1s acerca de su pol\u00edtica de cookies.<\/p>\n<p><strong>Aceptaci\u00f3n de la pol\u00edtica de cookies<\/strong><br \/>\nPulsando el bot\u00f3n Entendido se asume que usted acepta el uso de cookies.<\/p>\n<p><strong>C\u00f3mo modificar la configuraci\u00f3n de las cookies<\/strong><br \/>\nUsted puede restringir, bloquear o borrar las cookies del Ministerio del Interior o cualquier otra p\u00e1gina web utilizando su navegador. En cada navegador la operativa es diferente, la funci\u00f3n de \u201cAyuda\u201d le mostrar\u00e1 c\u00f3mo hacerlo.<\/p>\n<\/div><\/section><\/div>\n","protected":false},"excerpt":{"rendered":"","protected":false},"author":1,"featured_media":0,"parent":0,"menu_order":0,"comment_status":"closed","ping_status":"closed","template":"","meta":{"footnotes":""},"class_list":["post-19392","page","type-page","status-publish","hentry"],"aioseo_notices":[],"_links":{"self":[{"href":"https:\/\/digalix.com\/es\/wp-json\/wp\/v2\/pages\/19392","targetHints":{"allow":["GET"]}}],"collection":[{"href":"https:\/\/digalix.com\/es\/wp-json\/wp\/v2\/pages"}],"about":[{"href":"https:\/\/digalix.com\/es\/wp-json\/wp\/v2\/types\/page"}],"author":[{"embeddable":true,"href":"https:\/\/digalix.com\/es\/wp-json\/wp\/v2\/users\/1"}],"replies":[{"embeddable":true,"href":"https:\/\/digalix.com\/es\/wp-json\/wp\/v2\/comments?post=19392"}],"version-history":[{"count":0,"href":"https:\/\/digalix.com\/es\/wp-json\/wp\/v2\/pages\/19392\/revisions"}],"wp:attachment":[{"href":"https:\/\/digalix.com\/es\/wp-json\/wp\/v2\/media?parent=19392"}],"curies":[{"name":"wp","href":"https:\/\/api.w.org\/{rel}","templated":true}]}}