{"id":613,"date":"2017-02-02T12:29:24","date_gmt":"2017-02-02T12:29:24","guid":{"rendered":"http:\/\/test.kriesi.at\/enfold-2017\/?page_id=613"},"modified":"2026-03-04T13:40:14","modified_gmt":"2026-03-04T12:40:14","slug":"aviso-legal-politica-de-privacidad-y-proteccion-de-datos","status":"publish","type":"page","link":"https:\/\/digalix.com\/es\/aviso-legal-politica-de-privacidad-y-proteccion-de-datos\/","title":{"rendered":"Aviso legal, pol\u00edtica de privacidad y protecci\u00f3n de datos"},"content":{"rendered":"<div id='av_section_1'  class='avia-section av-22u09p-86ba235729bb51017b904085fb2dcb3d main_color avia-section-large avia-no-border-styling  avia-builder-el-0  avia-builder-el-no-sibling  avia-bg-style-scroll container_wrap fullsize'  ><div class='container av-section-cont-open' ><main  role=\"main\" itemprop=\"mainContentOfPage\"  class='template-page content  av-content-full alpha units'><div class='post-entry post-entry-type-page post-entry-613'><div class='entry-content-wrapper clearfix'>\n\n<style type=\"text\/css\" data-created_by=\"avia_inline_auto\" id=\"style-css-av-5xd11-ea6d2d8e6f84c17b6666e48295eaa51c\">\n.flex_column.av-5xd11-ea6d2d8e6f84c17b6666e48295eaa51c{\nborder-radius:0px 0px 0px 0px;\npadding:0px 0px 0px 0px;\n}\n<\/style>\n<div  class='flex_column av-5xd11-ea6d2d8e6f84c17b6666e48295eaa51c av_one_full  avia-builder-el-1  avia-builder-el-no-sibling  first flex_column_div av-zero-column-padding  '     ><section  class='av_textblock_section av-1dl7g5-f48e771c4261fa7e63f5705fcf778c1f '   itemscope=\"itemscope\" itemtype=\"https:\/\/schema.org\/CreativeWork\" ><div class='avia_textblock'  itemprop=\"text\" ><h1 class=\"entry-title\">Aviso legal, pol\u00edtica de privacidad y protecci\u00f3n de datos<\/h1>\n<p><b>AVISO LEGAL Y POL\u00cdTICA DE PRIVACIDAD\u00a0<\/b><\/p>\n<p>IDENTIFICACI\u00d3N<\/p>\n<p>En cumplimiento con el deber de informaci\u00f3n recogido en art\u00edculo 10 de la Ley 34\/2002, de 11 de julio, de Servicios de la Sociedad de la Informaci\u00f3n y del Comercio Electr\u00f3nico, DIGALIX SOLUTIONS SL le informa que los datos aqu\u00ed consignados corresponden a la entidad titular del sitio web https:\/\/digalix.com\/.<\/p>\n<p>Denominaci\u00f3n: DIGALIX SOLUTIONS, SL<\/p>\n<p>Identidad: DigaliX Solutions, SL \u2013 NIF: NIF B64922537<\/p>\n<p>Direcci\u00f3n postal: C\/ \u00c0laba, 140, 5\u00ba 2\u00aa 08018 Barcelona<\/p>\n<p>Tel\u00e9fono: +34\/934853803<\/p>\n<p>Correo electr\u00f3nico: info@digalix.com<\/p>\n<p>PROPIEDAD INTELECTUAL E INDUSTRIAL<\/p>\n<p>Todos los derechos de Propiedad Industrial e Intelectual de la totalidad de elementos contenidos en esta Web, incluidas las marcas comerciales, formatos, dise\u00f1os gr\u00e1ficos, textos, im\u00e1genes y documentos, pertenecen a DIGALIX SOLUTIONS, SL y se encuentran protegidos por las leyes espa\u00f1olas e internacionales sobre propiedad Intelectual e Industrial. Como marcas registradas se incluyen <i>XTable, XFrame, Layers of Reality, Gate VR, Simmersive<\/i>.<\/p>\n<p><img loading=\"lazy\" decoding=\"async\" class=\"size-full wp-image-19407 aligncenter\" src=\"https:\/\/digalix.com\/wp-content\/uploads\/2026\/03\/logotipos-propiedad-intelectual-digalix.jpg\" alt=\"\" width=\"1520\" height=\"182\" srcset=\"https:\/\/digalix.com\/wp-content\/uploads\/2026\/03\/logotipos-propiedad-intelectual-digalix.jpg 1520w, https:\/\/digalix.com\/wp-content\/uploads\/2026\/03\/logotipos-propiedad-intelectual-digalix-300x36.jpg 300w, https:\/\/digalix.com\/wp-content\/uploads\/2026\/03\/logotipos-propiedad-intelectual-digalix-1030x123.jpg 1030w, https:\/\/digalix.com\/wp-content\/uploads\/2026\/03\/logotipos-propiedad-intelectual-digalix-768x92.jpg 768w, https:\/\/digalix.com\/wp-content\/uploads\/2026\/03\/logotipos-propiedad-intelectual-digalix-1500x180.jpg 1500w, https:\/\/digalix.com\/wp-content\/uploads\/2026\/03\/logotipos-propiedad-intelectual-digalix-705x84.jpg 705w\" sizes=\"auto, (max-width: 1520px) 100vw, 1520px\" \/><\/p>\n<p>Queda expresamente prohibida la reproducci\u00f3n total o parcial de este sitio Web y de cualquiera de sus contenidos sin el permiso expreso y por escrito de DIGALIX SOLUTIONS, SL.<\/p>\n<p>El acceso al sitio web no implica ning\u00fan tipo de renuncia, transmisi\u00f3n, licencia o cesi\u00f3n de dichos derechos por parte de DIGALIX SOLUTIONS, SL, salvo que se establezca expresamente lo contrario.<\/p>\n<p>T\u00c9RMINOS Y CONDICIONES DE USO<\/p>\n<p>El acceso a este sitio Web implica la aceptaci\u00f3n de estas condiciones de uso sin reservas que regulan el acceso y la utilizaci\u00f3n del mismo con el fin de poner a disposici\u00f3n de los usuarios informaci\u00f3n sobre nuestros productos y servicios.<\/p>\n<p>Se proh\u00edbe expresamente la utilizaci\u00f3n de los contenidos de este sitio Web para su utilizaci\u00f3n con fines comerciales o para su distribuci\u00f3n, transformaci\u00f3n o comunicaci\u00f3n.<\/p>\n<p>DIGALIX SOLUTIONS, SL, no responder\u00e1 de ninguna consecuencia, da\u00f1o o perjuicio que pudieran derivarse de dicha utilizaci\u00f3n o uso de la informaci\u00f3n.<\/p>\n<p>Tanto el acceso a esta Web como el uso que pueda hacerse de la informaci\u00f3n contenida en la misma es de la exclusiva responsabilidad de quien lo realiza.<\/p>\n<p>El usuario se obliga a no utilizar la informaci\u00f3n que se publica en esta Web con fines o efectos il\u00edcitos o lesivos, a no da\u00f1ar o inutilizar la informaci\u00f3n y a no realizar cualquier otra acci\u00f3n que puedan ser contraria al contenido de este Aviso Legal.<\/p>\n<p>Las p\u00e1ginas de DIGALIX SOLUTIONS, SL pueden contener enlaces (links) a otras p\u00e1ginas de terceros. DIGALIX SOLUTIONS, SL no se hace responsable de los contenidos de esos sitios Web ni est\u00e1n cubiertas por el presente Aviso Legal. Si accede a estas p\u00e1ginas Webs deber\u00e1 tener en cuenta que sus pol\u00edticas de privacidad pueden ser diferentes a la nuestra.<\/p>\n<p><b>POL\u00cdTICA DE PROTECCI\u00d3N DE DATOS<\/b><\/p>\n<p>En cumplimiento del REGLAMENTO (UE) 2016\/679 DEL PARLAMENTO EUROPEO Y DEL CONSEJO de 27 de abril de 2016, relativo a la protecci\u00f3n de las personas f\u00edsicas en lo que respecta al tratamiento de datos personales y a la libre circulaci\u00f3n de estos datos y su normativa de desarrollo, se le informa que los datos personales proporcionados por usted ser\u00e1n tratados con las siguientes finalidades:<\/p>\n<p>\u2013 Informarle acerca de nuestros productos y servicios, cuando as\u00ed lo solicite.<\/p>\n<p>\u2013 Dar contestaci\u00f3n y gestionar sus consultas, comentarios y sugerencias, en su caso.<\/p>\n<p>A trav\u00e9s de la cumplimentaci\u00f3n de formularios de contacto de la Web o mediante el env\u00edo de correos electr\u00f3nicos o cualquier otro tipo de solicitud de informaci\u00f3n remitida a DIGALIX SOLUTIONS, SL, el interesado presta su consentimiento expreso para el tratamiento de sus datos personales.<\/p>\n<p>En ning\u00fan caso DIGALIX SOLUTIONS, SL, utilizar\u00e1 los datos personales de los interesados para fines distintos de los anteriormente mencionados.<\/p>\n<p>La base legal para el tratamiento de los datos de contacto obtenidos a trav\u00e9s de la presente p\u00e1gina web con los fines arriba indicados ser\u00e1 el consentimiento expreso prestado por el propio interesado. Asimismo, cuando el usuario solicite nuestros servicios, la base legal del tratamiento ser\u00e1 el cumplimiento de un contrato del que el interesado es parte.<\/p>\n<p>Los datos personales de contacto facilitados mediante la presente p\u00e1gina web se conservar\u00e1n en nuestros registros durante un periodo de tres a\u00f1os. En relaci\u00f3n a los datos tratados para la prestaci\u00f3n de nuestros servicios, estos ser\u00e1n conservados mientras sea necesario para alcanzar dicho fin y puedan derivarse responsabilidades de su tratamiento.<\/p>\n<p>No obstante, en cualquier momento usted puede solicitar mediante escrito acompa\u00f1ado de copia de documento oficial que le identifique, el acceso a sus datos personales y su rectificaci\u00f3n o supresi\u00f3n. As\u00ed como, limitar su tratamiento, o directamente oponerse al tratamiento o ejercer el derecho a la portabilidad de los mismos.<\/p>\n<p>Tambi\u00e9n le informamos de su derecho a presentar una reclamaci\u00f3n ante la Agencia Espa\u00f1ola de Protecci\u00f3n de Datos, si considera que en el tratamiento de sus datos no se est\u00e1n respetando sus derechos.<\/p>\n<p>LEGISLACI\u00d3N APLICABLE Y COMPETENCIA JURISDICCIONAL<\/p>\n<p>El presente Aviso Legal se rige por la normativa espa\u00f1ola vigente que le es de aplicaci\u00f3n.<\/p>\n<p>Para la resoluci\u00f3n de las controversias que pudieran derivarse como consecuencia de lo dispuesto en las presentes disposiciones y sobre su interpretaci\u00f3n, aplicaci\u00f3n y cumplimiento, el usuario, en virtud de la aceptaci\u00f3n de las condiciones recogidas en este Aviso legal, renuncia expresamente a cualquier otro fuero que pudiera corresponderle.<\/p>\n<p>En cualquier caso, dentro de la jurisdicci\u00f3n espa\u00f1ola, si la legislaci\u00f3n permitiese someterse a un fuero en concreto, el usuario renuncia expresamente al fuero que pudiera corresponderle y se somete voluntariamente a la jurisdicci\u00f3n de los Juzgados y Tribunales de BARCELONA.<\/p>\n<\/div><\/section><\/div>\n","protected":false},"excerpt":{"rendered":"","protected":false},"author":1,"featured_media":0,"parent":0,"menu_order":0,"comment_status":"closed","ping_status":"closed","template":"","meta":{"footnotes":""},"class_list":["post-613","page","type-page","status-publish","hentry"],"aioseo_notices":[],"_links":{"self":[{"href":"https:\/\/digalix.com\/es\/wp-json\/wp\/v2\/pages\/613","targetHints":{"allow":["GET"]}}],"collection":[{"href":"https:\/\/digalix.com\/es\/wp-json\/wp\/v2\/pages"}],"about":[{"href":"https:\/\/digalix.com\/es\/wp-json\/wp\/v2\/types\/page"}],"author":[{"embeddable":true,"href":"https:\/\/digalix.com\/es\/wp-json\/wp\/v2\/users\/1"}],"replies":[{"embeddable":true,"href":"https:\/\/digalix.com\/es\/wp-json\/wp\/v2\/comments?post=613"}],"version-history":[{"count":0,"href":"https:\/\/digalix.com\/es\/wp-json\/wp\/v2\/pages\/613\/revisions"}],"wp:attachment":[{"href":"https:\/\/digalix.com\/es\/wp-json\/wp\/v2\/media?parent=613"}],"curies":[{"name":"wp","href":"https:\/\/api.w.org\/{rel}","templated":true}]}}